{"id":96,"date":"2025-04-04T22:08:30","date_gmt":"2025-04-04T22:08:30","guid":{"rendered":"https:\/\/trycolab.net\/?page_id=96"},"modified":"2026-04-14T21:38:19","modified_gmt":"2026-04-14T21:38:19","slug":"try-dialogue","status":"publish","type":"page","link":"https:\/\/trycolab.net\/?page_id=96","title":{"rendered":"TRY dialogue"},"content":{"rendered":"\n<p><strong>TRY dialogue<\/strong> is an online directory of inspiring projects in the field of youth theatre in Serbia, North Macedonia and Greece.<\/p>\n\n\n\n<p>Interviews with artists and cultural workers in this field are prepared and led by the TRY project participants who will take on the role of journalists. In these conversations, they will express their point of view, asking<br>the questions they see as important ones, taking agency in the field that should be addressing them as audiences.&nbsp;<\/p>\n\n\n\n<p>TRY dialogue will represent the work done in the youth theater sector in a single directory that would map the successful models and programs in the partner countries in the last 10 years. There are many interesting and important theatre initiatives dedicated to youth audiences, but the valuable efforts and achievements coming from these projects seem to stay disconnected without a broader context. In this directory, the idea is to gather them and join the dots to form a bigger picture of the efforts made in this<br>sector.&nbsp;<\/p>\n\n\n\n<p class=\"has-text-align-center\">TRY dialogue is intended for:&nbsp;<\/p>\n\n\n\n<p class=\"has-text-align-center\"><strong>YOUTH AUDIENCES<\/strong><br>to find an interesting initiative to join or learn about<\/p>\n\n\n\n<p class=\"has-text-align-center\"><strong>THEATER PROFESSIONALS and EDUCATORS&nbsp;<br><\/strong>to connect and network with colleagues and contextualize their work<\/p>\n\n\n\n<hr class=\"wp-block-separator has-text-color has-contrast-color has-alpha-channel-opacity has-contrast-background-color has-background is-style-wide\" style=\"margin-top:var(--wp--preset--spacing--30);margin-bottom:var(--wp--preset--spacing--30)\"\/>\n\n\n\n<h4 class=\"wp-block-heading\"><strong><mark style=\"background-color:rgba(0, 0, 0, 0)\" class=\"has-inline-color has-contrast-color\">TRY dialogue #01<\/mark><\/strong><\/h4>\n\n\n\n<p>Sanja Krsmanovi\u0107 Tasi\u0107 in dialogue with Dea Pe\u00e7o. <\/p>\n\n\n\n<p>Organization: <a href=\"https:\/\/www.cedeum.org\/\" data-type=\"link\" data-id=\"https:\/\/www.cedeum.org\/\">CEDEUM<\/a><\/p>\n\n\n\n<p>Country: Serbia<\/p>\n\n\n\n<figure class=\"wp-block-embed is-type-video is-provider-youtube wp-block-embed-youtube wp-embed-aspect-16-9 wp-has-aspect-ratio\"><div class=\"wp-block-embed__wrapper\">\n<iframe loading=\"lazy\" title=\"TRY dialogue #01: Sanja Krsmanovi\u0107 Tasi\u0107 &amp; Dea Pe\u00e7o\" width=\"500\" height=\"281\" src=\"https:\/\/www.youtube.com\/embed\/UOAMOxsSs7g?feature=oembed\" frameborder=\"0\" allow=\"accelerometer; autoplay; clipboard-write; encrypted-media; gyroscope; picture-in-picture; web-share\" referrerpolicy=\"strict-origin-when-cross-origin\" allowfullscreen><\/iframe>\n<\/div><\/figure>\n\n\n\n<hr class=\"wp-block-separator has-alpha-channel-opacity is-style-wide\" style=\"margin-top:var(--wp--preset--spacing--30);margin-bottom:var(--wp--preset--spacing--30)\"\/>\n\n\n\n<h4 class=\"wp-block-heading\"><strong><mark style=\"background-color:rgba(0, 0, 0, 0)\" class=\"has-inline-color has-contrast-color\">TRY dialogue #02 <\/mark><\/strong><\/h4>\n\n\n\n<p>Milena Minja Bogavac in dialogue with Dorotea Dora Lomjanski.<\/p>\n\n\n\n<p>Organization: <a href=\"https:\/\/reflektorteatar.rs\/\" data-type=\"link\" data-id=\"https:\/\/reflektorteatar.rs\/\">Reflektor teatar<\/a><\/p>\n\n\n\n<p>Country: Serbia<\/p>\n\n\n\n<figure class=\"wp-block-embed is-type-video is-provider-youtube wp-block-embed-youtube wp-embed-aspect-16-9 wp-has-aspect-ratio\"><div class=\"wp-block-embed__wrapper\">\n<iframe loading=\"lazy\" title=\"TRY dialogue #02: Milena Minja Bogavac &amp; Dorotea Dora Lomjanski\" width=\"500\" height=\"281\" src=\"https:\/\/www.youtube.com\/embed\/FEJKB2VxGCs?feature=oembed\" frameborder=\"0\" allow=\"accelerometer; autoplay; clipboard-write; encrypted-media; gyroscope; picture-in-picture; web-share\" referrerpolicy=\"strict-origin-when-cross-origin\" allowfullscreen><\/iframe>\n<\/div><\/figure>\n\n\n\n<hr class=\"wp-block-separator has-alpha-channel-opacity is-style-wide\"\/>\n\n\n\n<p><\/p>\n\n\n\n<h4 class=\"wp-block-heading\"><strong>TRY dialogue #3<\/strong> <\/h4>\n\n\n\n<p>Dragana Milo\u0161evska Popov in dialogue with Sara Markovska<\/p>\n\n\n\n<p>Organization: <a href=\"https:\/\/www.puppet.com.mk\/\" data-type=\"link\" data-id=\"https:\/\/www.puppet.com.mk\/\">Theatre for Children and Youth in Skopje<\/a><\/p>\n\n\n\n<p>Country: North Macedonia<\/p>\n\n\n\n<figure class=\"wp-block-embed is-type-video is-provider-youtube wp-block-embed-youtube wp-embed-aspect-16-9 wp-has-aspect-ratio\"><div class=\"wp-block-embed__wrapper\">\n<iframe loading=\"lazy\" title=\"TRY dialogue #03: Dragana Milo\u0161evska Popov &amp; Sara Markovska\" width=\"500\" height=\"281\" src=\"https:\/\/www.youtube.com\/embed\/Sn1H1yIeCss?feature=oembed\" frameborder=\"0\" allow=\"accelerometer; autoplay; clipboard-write; encrypted-media; gyroscope; picture-in-picture; web-share\" referrerpolicy=\"strict-origin-when-cross-origin\" allowfullscreen><\/iframe>\n<\/div><\/figure>\n\n\n\n<hr class=\"wp-block-separator has-alpha-channel-opacity is-style-wide\"\/>\n\n\n\n<p><\/p>\n\n\n\n<h4 class=\"wp-block-heading\"><strong>TRY dialogue #04<\/strong><\/h4>\n\n\n\n<p>Vesna Terzioska in dialogue with Sara Markovska. <\/p>\n\n\n\n<p>Organization: <a href=\"https:\/\/crvenkrst-ohrid.org.mk\/vdishi-teatar-2\/\">Vdishi teatar<\/a><\/p>\n\n\n\n<p>Country: North Macedonia<\/p>\n\n\n\n<figure class=\"wp-block-embed is-type-video is-provider-youtube wp-block-embed-youtube wp-embed-aspect-16-9 wp-has-aspect-ratio\"><div class=\"wp-block-embed__wrapper\">\n<iframe loading=\"lazy\" title=\"TRY dialogue #04: Vesna Terzioska &amp; Sara Markovska\" width=\"500\" height=\"281\" src=\"https:\/\/www.youtube.com\/embed\/XnCPJH6sz_M?feature=oembed\" frameborder=\"0\" allow=\"accelerometer; autoplay; clipboard-write; encrypted-media; gyroscope; picture-in-picture; web-share\" referrerpolicy=\"strict-origin-when-cross-origin\" allowfullscreen><\/iframe>\n<\/div><\/figure>\n\n\n\n<hr class=\"wp-block-separator has-alpha-channel-opacity is-style-wide\"\/>\n\n\n\n<h4 class=\"wp-block-heading\"><strong>TRY dialogue #05<\/strong><\/h4>\n\n\n\n<p>Ana Ivankovi\u0107 in dialogue with Anja Ra\u0161kov.<\/p>\n\n\n\n<p>Organization: <a href=\"https:\/\/www.patos.org.rs\/\">PATOS <\/a><\/p>\n\n\n\n<p>Country: Serbia<\/p>\n\n\n\n<figure class=\"wp-block-embed is-type-video is-provider-youtube wp-block-embed-youtube wp-embed-aspect-16-9 wp-has-aspect-ratio\"><div class=\"wp-block-embed__wrapper\">\n<iframe loading=\"lazy\" title=\"TRY dialogue #05: Ana Ivankovi\u0107 &amp; Anja Ra\u0161kov\" width=\"500\" height=\"281\" src=\"https:\/\/www.youtube.com\/embed\/jRT_lXxs_kE?feature=oembed\" frameborder=\"0\" allow=\"accelerometer; autoplay; clipboard-write; encrypted-media; gyroscope; picture-in-picture; web-share\" referrerpolicy=\"strict-origin-when-cross-origin\" allowfullscreen><\/iframe>\n<\/div><\/figure>\n\n\n\n<h4 class=\"wp-block-heading\"><strong>TRY dialogue #0<\/strong>6<\/h4>\n\n\n\n<p>Valentina Papadimitraki in dialogue with Maria Markella Mavridou and Despoina Karakota.<\/p>\n\n\n\n<p>Organization:<a href=\"https:\/\/www.facebook.com\/p\/\u0398\u03ad\u03b1\u03c4\u03c1\u03bf-\u03a4\u03bf\u03c5-\u03a0\u03b1\u03c0\u03bf\u03c5\u03c4\u03c3\u03b9\u03bf\u03cd-\u03a0\u03ac\u03bd\u03c9-\u03a3\u03c4\u03bf-\u0394\u03ad\u03bd\u03c4\u03c1\u03bf-100057703080288\/\"> Shoe Theatre on the Tree<\/a> \/ <a href=\"https:\/\/www.facebook.com\/p\/\u0398\u03ad\u03b1\u03c4\u03c1\u03bf-\u03a4\u03bf\u03c5-\u03a0\u03b1\u03c0\u03bf\u03c5\u03c4\u03c3\u03b9\u03bf\u03cd-\u03a0\u03ac\u03bd\u03c9-\u03a3\u03c4\u03bf-\u0394\u03ad\u03bd\u03c4\u03c1\u03bf-100057703080288\/\">\u0398\u03ad\u03b1\u03c4\u03c1\u03bf \u03a4\u03bf\u03c5 \u03a0\u03b1\u03c0\u03bf\u03c5\u03c4\u03c3\u03b9\u03bf\u03cd \u03a0\u03ac\u03bd\u03c9 \u03a3\u03c4\u03bf \u0394\u03ad\u03bd\u03c4\u03c1\u03bf<\/a><\/p>\n\n\n\n<p>Country: Greece<\/p>\n\n\n\n<figure class=\"wp-block-embed is-type-video is-provider-youtube wp-block-embed-youtube wp-embed-aspect-16-9 wp-has-aspect-ratio\"><div class=\"wp-block-embed__wrapper\">\n<iframe loading=\"lazy\" title=\"TRY dialogue #06: Valentina Papadimitraki &amp; Maria Markella Mavridou and Despoina Karakota\" width=\"500\" height=\"281\" src=\"https:\/\/www.youtube.com\/embed\/Mu1SoPifWwU?feature=oembed\" frameborder=\"0\" allow=\"accelerometer; autoplay; clipboard-write; encrypted-media; gyroscope; picture-in-picture; web-share\" referrerpolicy=\"strict-origin-when-cross-origin\" allowfullscreen><\/iframe>\n<\/div><\/figure>\n\n\n\n<hr class=\"wp-block-separator alignwide has-alpha-channel-opacity is-style-default\"\/>\n\n\n\n<figure class=\"wp-block-image alignfull size-large\"><img loading=\"lazy\" decoding=\"async\" width=\"1024\" height=\"576\" src=\"https:\/\/trycolab.net\/wp-content\/uploads\/2024\/08\/glitche4-1024x576.jpg\" alt=\"\" class=\"wp-image-35\" srcset=\"https:\/\/trycolab.net\/wp-content\/uploads\/2024\/08\/glitche4-1024x576.jpg 1024w, https:\/\/trycolab.net\/wp-content\/uploads\/2024\/08\/glitche4-300x169.jpg 300w, https:\/\/trycolab.net\/wp-content\/uploads\/2024\/08\/glitche4-768x432.jpg 768w, https:\/\/trycolab.net\/wp-content\/uploads\/2024\/08\/glitche4-1536x864.jpg 1536w, https:\/\/trycolab.net\/wp-content\/uploads\/2024\/08\/glitche4.jpg 1920w\" sizes=\"auto, (max-width: 1024px) 100vw, 1024px\" \/><\/figure>\n","protected":false},"excerpt":{"rendered":"<p>TRY dialogue is an online directory of inspiring projects in the field of youth theatre in Serbia, North Macedonia and Greece. Interviews with artists and cultural workers in this field are prepared and led by the TRY project participants who will take on the role of journalists. In these conversations, they will express their point [&hellip;]<\/p>\n","protected":false},"author":1,"featured_media":0,"parent":0,"menu_order":0,"comment_status":"closed","ping_status":"closed","template":"","meta":{"footnotes":""},"class_list":["post-96","page","type-page","status-publish","hentry"],"_links":{"self":[{"href":"https:\/\/trycolab.net\/index.php?rest_route=\/wp\/v2\/pages\/96","targetHints":{"allow":["GET"]}}],"collection":[{"href":"https:\/\/trycolab.net\/index.php?rest_route=\/wp\/v2\/pages"}],"about":[{"href":"https:\/\/trycolab.net\/index.php?rest_route=\/wp\/v2\/types\/page"}],"author":[{"embeddable":true,"href":"https:\/\/trycolab.net\/index.php?rest_route=\/wp\/v2\/users\/1"}],"replies":[{"embeddable":true,"href":"https:\/\/trycolab.net\/index.php?rest_route=%2Fwp%2Fv2%2Fcomments&post=96"}],"version-history":[{"count":16,"href":"https:\/\/trycolab.net\/index.php?rest_route=\/wp\/v2\/pages\/96\/revisions"}],"predecessor-version":[{"id":181,"href":"https:\/\/trycolab.net\/index.php?rest_route=\/wp\/v2\/pages\/96\/revisions\/181"}],"wp:attachment":[{"href":"https:\/\/trycolab.net\/index.php?rest_route=%2Fwp%2Fv2%2Fmedia&parent=96"}],"curies":[{"name":"wp","href":"https:\/\/api.w.org\/{rel}","templated":true}]}}